{"id":531,"date":"2024-10-28T12:29:35","date_gmt":"2024-10-28T12:29:35","guid":{"rendered":"https:\/\/www.akineziologia.hu\/?page_id=531"},"modified":"2025-03-09T09:16:43","modified_gmt":"2025-03-09T09:16:43","slug":"bemutatkozas","status":"publish","type":"page","link":"https:\/\/www.akineziologia.hu\/?page_id=531","title":{"rendered":"Bemutatkoz\u00e1s"},"content":{"rendered":"<section class=\"bde-section-531-100 bde-section\">\n  \n  \n\t\n\n\n\n<div class=\"section-container\"><h1 class=\"bde-heading-531-125 bde-heading\">\nBemutatkoz\u00e1s\n<\/h1><\/div>\n<\/section><section class=\"bde-section-531-144 bde-section\">\n  \n  \n\t\n\n\n\n<div class=\"section-container\"><div class=\"bde-fancy-testimonial-531-145 bde-fancy-testimonial\">\n<div class='bde-fancy-testimonial_image'>\n  <img loading=\"lazy\" decoding=\"async\" class=\"breakdance-image-object\" src=\"https:\/\/www.akineziologia.hu\/wp-content\/uploads\/2024\/10\/Matok-Eleonora.jpeg\" width=\"1985\" height=\"1907\" srcset=\"https:\/\/www.akineziologia.hu\/wp-content\/uploads\/2024\/10\/Matok-Eleonora.jpeg 1985w, https:\/\/www.akineziologia.hu\/wp-content\/uploads\/2024\/10\/Matok-Eleonora-300x288.jpeg 300w, https:\/\/www.akineziologia.hu\/wp-content\/uploads\/2024\/10\/Matok-Eleonora-1024x984.jpeg 1024w, https:\/\/www.akineziologia.hu\/wp-content\/uploads\/2024\/10\/Matok-Eleonora-768x738.jpeg 768w, https:\/\/www.akineziologia.hu\/wp-content\/uploads\/2024\/10\/Matok-Eleonora-1536x1476.jpeg 1536w\" sizes=\"auto, (max-width: 1985px) 100vw, 1985px\">\n<\/div>\n<div class='bde-fancy-testimonial_content'>\n  \n  <div class='bde-fancy-testimonial_text'>\n        <div class=\"bde-fancy-testimonial_quote\"><svg xmlns=\"http:\/\/www.w3.org\/2000\/svg\" width=\"24\" height=\"24\" viewBox=\"0 0 24 24\" fill-rule=\"evenodd\" clip-rule=\"evenodd\"><path d=\"M9 3c-5.252 1.039-9 4.905-9 10.609v7.391h9.983v-10h-3.983c0-2.211 1.563-4.932 3.996-5.849l-.996-2.151zm14 0c-5.252 1.039-8.983 4.905-8.983 10.609v7.391h9.983v-10h-4c0-2.211 1.563-4.932 3.995-5.849l-.995-2.151zm-.567 1.156l.241.52c-2.394 1.391-3.674 4.159-3.674 6.324v1h4v8h-7.983v-6.391c0-4.687 2.82-8.248 7.416-9.453m-14-.001l.241.521c-2.394 1.391-3.674 4.159-3.674 6.324v1h3.983v8h-7.983v-6.391c0-4.686 2.827-8.247 7.433-9.454\"\/><\/svg><\/div>\n    <div class=\"bde-fancy-testimonial_quote\"><svg xmlns=\"http:\/\/www.w3.org\/2000\/svg\" width=\"24\" height=\"24\" viewBox=\"0 0 24 24\" fill-rule=\"evenodd\" clip-rule=\"evenodd\"><path d=\"M9 3c-5.252 1.039-9 4.905-9 10.609v7.391h9.983v-10h-3.983c0-2.211 1.563-4.932 3.996-5.849l-.996-2.151zm14 0c-5.252 1.039-8.983 4.905-8.983 10.609v7.391h9.983v-10h-4c0-2.211 1.563-4.932 3.995-5.849l-.995-2.151zm-.567 1.156l.241.52c-2.394 1.391-3.674 4.159-3.674 6.324v1h4v8h-7.983v-6.391c0-4.687 2.82-8.248 7.416-9.453m-14-.001l.241.521c-2.394 1.391-3.674 4.159-3.674 6.324v1h3.983v8h-7.983v-6.391c0-4.686 2.827-8.247 7.433-9.454\"\/><\/svg><\/div>\n        <p  class='bde-fancy-testimonial_text_text'>Munk\u00e1mban azt tan\u00edtom klienseimnek, hogy az \u00e1ltalam alkalmazott m\u00f3dszerekkel hogyan tudj\u00e1k megoldani lelki-\u00e9rzelmi probl\u00e9m\u00e1ikat, el\u00e9rni c\u00e9ljaikat \u00e9s jobb\u00e1 tenni \u00e9letmin\u0151s\u00e9g\u00fcket. Rendk\u00edv\u00fcl fontosnak tartom az \u00f6nismereti munk\u00e1t, a szem\u00e9lyes fejl\u0151d\u00e9st.<\/p>\n  <\/div>\n      <div class='bde-fancy-testimonial_name' >\n    Matok Eleonora\n  <\/div>\n      <div class='bde-fancy-testimonial_occupation' >\n    Tan\u00e1csad\u00f3 kineziol\u00f3gus\n  <\/div>\n    <\/div>\n\n<\/div><\/div>\n<\/section><section class=\"bde-section-531-146 bde-section\">\n  \n  \n\t\n\n\n\n<div class=\"section-container\"><div class=\"bde-columns-531-147 bde-columns\"><div class=\"bde-column-531-148 bde-column\">\n  \n  \n\t\n\n\n\n<div class=\"bde-image-531-149 bde-image\">\n<figure class=\"breakdance-image breakdance-image--538\">\n\t<div class=\"breakdance-image-container\">\n\t\t<div class=\"breakdance-image-clip\"><img loading=\"lazy\" decoding=\"async\" class=\"breakdance-image-object\" src=\"https:\/\/www.akineziologia.hu\/wp-content\/uploads\/2024\/10\/E_2023_S-11.jpg\" width=\"1335\" height=\"2000\" srcset=\"https:\/\/www.akineziologia.hu\/wp-content\/uploads\/2024\/10\/E_2023_S-11.jpg 1335w, https:\/\/www.akineziologia.hu\/wp-content\/uploads\/2024\/10\/E_2023_S-11-200x300.jpg 200w, https:\/\/www.akineziologia.hu\/wp-content\/uploads\/2024\/10\/E_2023_S-11-684x1024.jpg 684w, https:\/\/www.akineziologia.hu\/wp-content\/uploads\/2024\/10\/E_2023_S-11-768x1151.jpg 768w, https:\/\/www.akineziologia.hu\/wp-content\/uploads\/2024\/10\/E_2023_S-11-1025x1536.jpg 1025w\" sizes=\"auto, (max-width: 1335px) 100vw, 1335px\"><\/div>\n\t<\/div><\/figure>\n\n<\/div>\n<\/div><div class=\"bde-column-531-150 bde-column\">\n  \n  \n\t\n\n\n\n<h2 class=\"bde-dual-heading-531-151 bde-dual-heading\">\n\n\n            <span data-style=\"primary\" class=\"dual-heading--primary  \">Saj\u00e1t magamon is<\/span>\n\n            <span data-style=\"secondary\" class=\"dual-heading--secondary  \">alkalmazom a tanultakat. <\/span>\n\n\n\n<\/h2><div class=\"bde-rich-text-531-152 bde-rich-text breakdance-rich-text-styles\">\n<p>Kutatom, vizsg\u00e1lom, mi minden van a szem\u00e9lyes \"csomagomban\". Minden k\u00f6vet felforgatok. Mi az, amit hozok magammal? Mit kezdek vele? Hogyan lehets\u00e9ges visszany\u00falni, felt\u00e1rni, megismerni az okokat \u00e9s persze szemben\u00e9zni, meg\u00e9rteni \u00e9s elfogadni is azokat. J\u00f3magam t\u00f6bb mint 300 egy\u00e9ni konzult\u00e1ci\u00f3n voltam saj\u00e1t lelki-\u00e9rzelmi folyamataim megismer\u00e9se v\u00e9gett. Munk\u00e1mba csak azt \u00e9p\u00edtem be, ami hat\u00e9kony \u00e9s amit saj\u00e1t \u00e9lethelyzeteim megold\u00e1s\u00e1ra magam is haszn\u00e1lok.<\/p><p>\u00cdt\u00e9letmentesen t\u00e1mogatok mindenkit, aki hozz\u00e1m fordul seg\u00edts\u00e9g\u00e9rt \u00e9s a legnagyobb tisztelettel viszonyulok minden egy\u00e9ni t\u00f6rekv\u00e9shez, mert pontosan tudom mekkora b\u00e1tors\u00e1gra \u00e9s bels\u0151 er\u0151re van sz\u00fcks\u00e9g m\u00e9g a legapr\u00f3bb v\u00e1ltoztat\u00e1sok megval\u00f3s\u00edt\u00e1s\u00e1hoz is az \u00e9letben. \u00c9s azt is tudom, milyen felszabad\u00edt\u00f3 \u00e9s felemel\u0151 \u00e9lm\u00e9ny lerakni egy r\u00e9gi j\u00e1tszm\u00e1t, \u00e1larcot, vagy kil\u00e9pni egy kr\u00edzisb\u0151l. Lelk\u00fcnk megtiszt\u00edt\u00e1sa, a szem\u00e9lyes szabads\u00e1gunk kit\u00e1g\u00edt\u00e1sa, mindenki sz\u00e1m\u00e1ra ma m\u00e1r nagyon k\u00f6nnyen el\u00e9rhet\u0151 \u00e9s alapfelt\u00e9tel is egyben. Hiszen folyamatosan v\u00e1ltozunk. Szem\u00e9lyes egy\u00e9ni sorsunk, vagyis az \u00fat, nincs lez\u00e1rva.<\/p>\n<\/div><div class=\"bde-text-531-153 bde-text\">\nHiszen folyamatosan v\u00e1ltozunk. Szem\u00e9lyes egy\u00e9ni sorsunk, vagyis az \u00fat, nincs lez\u00e1rva.\n<\/div>\n<\/div><\/div><div class=\"bde-columns-531-103 bde-columns\"><div class=\"bde-column-531-104 bde-column\">\n  \n  \n\t\n\n\n\n<h5 class=\"bde-heading-531-112 bde-heading\">\nA saj\u00e1t \u00e1t\u00e9lt \u00e9s \u00e1tdolgozott t\u00e9m\u00e1im \u00e1llnak a legk\u00f6zelebb sz\u00edvemhez, szakter\u00fcleteim:\n<\/h5><div class=\"bde-text-531-113 bde-text\">\n- alkoholista sz\u00fcl\u0151 <br>- sz\u00fcl\u0151i \u00e9rzelmi ab\u00fazus  <br>- orsz\u00e1gv\u00e1lt\u00e1s  <br>- k\u00f6z\u00f6ss\u00e9gbe illeszked\u00e9s <br>- kil\u00e9p\u00e9s az \u00e1ldozati szerepb\u0151l  <br>- szexu\u00e1lis energi\u00e1k \u00e1talak\u00edt\u00e1sa, kiegyens\u00falyoz\u00e1sa  <br>- n\u0151iess\u00e9g meg\u00e9l\u00e9se  <br>- t\u00fal nagy kork\u00fcl\u00f6nbs\u00e9g a p\u00e1rkapcsolatban (7\u00e9vn\u00e9l nagyobb) <br>- doh\u00e1nyz\u00e1s lerak\u00e1sa <br>- kit\u0171z\u00f6tt c\u00e9lok megval\u00f3s\u00edt\u00e1sa <br>- gy\u00e1sz feldolgoz\u00e1sa, bele\u00e9rtve az abortusz ut\u00e1ni gy\u00e1szt is  <br>- az \u00e9letet v\u00e1lasztani nap mint nap   <br>- agresszi\u00f3<br>- \u00f6nmegval\u00f3s\u00edt\u00e1s\n<\/div><h3 class=\"bde-heading-531-122 bde-heading\">\nTanulm\u00e1nyaim:\n<\/h3><div class=\"bde-text-531-123 bde-text\">\n2024 \u2013 Metamorf Massz\u00e1zs<br>2022 \u2013 Fitness Instruktor <br>2013 \u2013 Touch for Health 1, 2, 3 kineziol\u00f3giai k\u00e9pz\u00e9sek\u2028<br>2010 \u2013 ETI kineziol\u00f3gus bizony\u00edtv\u00e1ny megszerz\u00e9se\u2028<br>2010 \u2013 Brain Gym kineziol\u00f3giai k\u00e9pz\u00e9s<br>2009 \u2013 One Brain kineziol\u00f3gia, 11-es seg\u00e9doktat\u00f3 facilit\u00e1tori k\u00e9pz\u00e9s \u2028<br>2008 \u2013 Pszichotronika <br>2007 \u2013 ETI eg\u00e9szs\u00e9g\u00fcgyi \u00e9s term\u00e9szetgy\u00f3gy\u00e1szati vizsga, kineziol\u00f3gia szak\u2028<br>2006 - 2008 - One Brain Kineziol\u00f3giai k\u00e9pz\u00e9s, 1-10 tanfolyamok \u2028\n<\/div>\n<\/div><\/div><div class=\"bde-button-531-124 bde-button\">\n    \n                                    \n    \n    \n    \n    \n            \n                    \n            \n            \n\n    \n    \n    \n    \n    \n    <a class=\"breakdance-link button-atom button-atom--custom bde-button__button\" href=\"https:\/\/akineziologia.booked4.us\" target=\"_self\" data-type=\"url\"  >\n\n    \n        <span class=\"button-atom__text\">Id\u0151pontfoglal\u00e1s<\/span>\n\n        \n        \n                <\/a>\n\n    \n\n\n<\/div><h1 class=\"bde-heading-531-157 bde-heading\">\nMINDIG CSAK ADNI\n<\/h1><div class=\"bde-text-531-155 bde-text\">\nAz \u00f6reg k\u00fat csendesen adja viz\u00e9t...<br>\u00cdgy telik minden napja,<br>\u00c1ldott \u00e9let ez, fontolgatom:<br>Csak adni, adni minden napon!<br>\u00cdly k\u00fatt\u00e1 kellene lennem!<br>Csak adni teljes \u00e9letemben!<br>Csak adni? Terhet is jelenthet...<br>J\u00f3 k\u00fat, nem \u00e9rzed ezt a terhet?<br>Belen\u00e9zek, t\u00fckre r\u00e1m ragyok:<br>hiszen a forr\u00e1s nem \u00e9n vagyok!<br>\u00c1rad bel\u00e9m, csak tov\u00e1bbadom, <br>frissen, vid\u00e1man, szabadon.<br>Hadd \u00e9ljek ilyen k\u00fat \u00e9letet!<br>Osszak \u00e1ld\u00e1st, szeretete!<br>Nem az eny\u00e9m, Krisztust\u00f3l kapom,<br>egyszer\u0171en tov\u00e1bbadom.<br>\n<\/div><div class=\"bde-text-531-158 bde-text\">\n  Kleeman\n<\/div><\/div>\n<\/section>","protected":false},"excerpt":{"rendered":"<p>Bemutatkoz\u00e1s Munk\u00e1mban azt tan\u00edtom klienseimnek, hogy az \u00e1ltalam alkalmazott m\u00f3dszerekkel hogyan tudj\u00e1k megoldani lelki-\u00e9rzelmi probl\u00e9m\u00e1ikat, el\u00e9rni c\u00e9ljaikat \u00e9s jobb\u00e1 tenni \u00e9letmin\u0151s\u00e9g\u00fcket. Rendk\u00edv\u00fcl fontosnak tartom az \u00f6nismereti munk\u00e1t, a szem\u00e9lyes fejl\u0151d\u00e9st. Matok Eleonora Tan\u00e1csad\u00f3 kineziol\u00f3gus Saj\u00e1t magamon is alkalmazom a tanultakat. Kutatom, vizsg\u00e1lom, mi minden van a szem\u00e9lyes &#8222;csomagomban&#8221;. Minden k\u00f6vet felforgatok. Mi az, amit hozok [&hellip;]<\/p>\n","protected":false},"author":1,"featured_media":0,"parent":0,"menu_order":0,"comment_status":"closed","ping_status":"closed","template":"","meta":{"_breakdance_hide_in_design_set":false,"_breakdance_tags":"","footnotes":""},"class_list":["post-531","page","type-page","status-publish","hentry"],"_links":{"self":[{"href":"https:\/\/www.akineziologia.hu\/index.php?rest_route=\/wp\/v2\/pages\/531","targetHints":{"allow":["GET"]}}],"collection":[{"href":"https:\/\/www.akineziologia.hu\/index.php?rest_route=\/wp\/v2\/pages"}],"about":[{"href":"https:\/\/www.akineziologia.hu\/index.php?rest_route=\/wp\/v2\/types\/page"}],"author":[{"embeddable":true,"href":"https:\/\/www.akineziologia.hu\/index.php?rest_route=\/wp\/v2\/users\/1"}],"replies":[{"embeddable":true,"href":"https:\/\/www.akineziologia.hu\/index.php?rest_route=%2Fwp%2Fv2%2Fcomments&post=531"}],"version-history":[{"count":23,"href":"https:\/\/www.akineziologia.hu\/index.php?rest_route=\/wp\/v2\/pages\/531\/revisions"}],"predecessor-version":[{"id":1108,"href":"https:\/\/www.akineziologia.hu\/index.php?rest_route=\/wp\/v2\/pages\/531\/revisions\/1108"}],"wp:attachment":[{"href":"https:\/\/www.akineziologia.hu\/index.php?rest_route=%2Fwp%2Fv2%2Fmedia&parent=531"}],"curies":[{"name":"wp","href":"https:\/\/api.w.org\/{rel}","templated":true}]}}